{"id":2018,"date":"2025-05-21T22:47:46","date_gmt":"2025-05-21T19:47:46","guid":{"rendered":"https:\/\/teknikgrupotomotiv.com\/?post_type=product&#038;p=2018"},"modified":"2026-05-07T18:55:41","modified_gmt":"2026-05-07T15:55:41","slug":"carlio-al4-otomatik-sanziman-yagi","status":"publish","type":"product","link":"https:\/\/teknikgrupotomotiv.com\/en\/urun\/carlio-al4-otomatik-sanziman-yagi\/","title":{"rendered":"Carlio AL4 Otomatik \u015eanz\u0131man Ya\u011f\u0131"},"content":{"rendered":"<p><strong>Carlio AL4 Otomatik \u015eanz\u0131man Ya\u011f\u0131<\/strong><br \/>\n<span class=\"jCAhz ChMk0b\"><span class=\"ryNqvb\">Y\u00fcksek kaliteli baz ya\u011f ve saf katk\u0131 maddeleriyle \u00fcretilen Carlio otomatik \u015fanz\u0131man s\u0131v\u0131s\u0131, ara\u00e7lar\u0131n otomatik \u015fanz\u0131man di\u015fli kutular\u0131ndaki hareketli par\u00e7alar i\u00e7in ola\u011fan\u00fcst\u00fc bir ya\u011flay\u0131c\u0131 olarak form\u00fcle edilmi\u015ftir.<\/span><\/span> <span class=\"jCAhz ChMk0b\"><span class=\"ryNqvb\">Bir di\u015fli ya\u011f\u0131n\u0131n en kritik performans \u00f6zelliklerinden biri, y\u00fck ta\u015f\u0131ma kapasitesi ve otomatik \u015fanz\u0131manlar\u0131n performans\u0131nda olduk\u00e7a etkili olan di\u015fli a\u015f\u0131nmas\u0131n\u0131 en aza indirmesidir.<\/span><\/span><span class=\"jCAhz ChMk0b\"><span class=\"ryNqvb\"> Bu \u00fcr\u00fcn, \u00e7e\u015fitli viskozite dereceleriyle m\u00fckemmel y\u00fck ta\u015f\u0131ma kapasitesi sergiler ve bu da onu a\u00e7\u0131k ko\u015fullarda ve y\u00fcksek s\u0131cakl\u0131klarda \u00e7al\u0131\u015fan hem benzinli hem de dizel hafif ve a\u011f\u0131r hizmet tipi ara\u00e7lar\u0131n manuel \u015fanz\u0131manlar\u0131n\u0131n ya\u011flanmas\u0131 i\u00e7in tavsiye eder.<\/span><\/span><\/p>\n","protected":false},"excerpt":{"rendered":"<p>Carlio AL4 Otomatik \u015eanz\u0131man Ya\u011f\u0131 Y\u00fcksek kaliteli baz ya\u011f ve saf katk\u0131 maddeleriyle \u00fcretilen Carlio otomatik \u015fanz\u0131man s\u0131v\u0131s\u0131, ara\u00e7lar\u0131n otomatik<\/p>\n","protected":false},"featured_media":2019,"comment_status":"open","ping_status":"closed","template":"","meta":[],"product_brand":[314],"product_cat":[331],"product_tag":[315,339,338,337,336],"class_list":{"0":"post-2018","1":"product","2":"type-product","3":"status-publish","4":"has-post-thumbnail","6":"product_brand-carlio","7":"product_cat-otomatik-sanziman-yaglari","8":"product_tag-carlio","9":"product_tag-carlio-atf","10":"product_tag-carlio-otomatik-sanziman-yagi","11":"product_tag-otomatik-sanziman-yagi","12":"product_tag-sanziman","14":"first","15":"instock","16":"shipping-taxable","17":"product-type-simple"},"_links":{"self":[{"href":"https:\/\/teknikgrupotomotiv.com\/en\/wp-json\/wp\/v2\/product\/2018","targetHints":{"allow":["GET"]}}],"collection":[{"href":"https:\/\/teknikgrupotomotiv.com\/en\/wp-json\/wp\/v2\/product"}],"about":[{"href":"https:\/\/teknikgrupotomotiv.com\/en\/wp-json\/wp\/v2\/types\/product"}],"replies":[{"embeddable":true,"href":"https:\/\/teknikgrupotomotiv.com\/en\/wp-json\/wp\/v2\/comments?post=2018"}],"wp:featuredmedia":[{"embeddable":true,"href":"https:\/\/teknikgrupotomotiv.com\/en\/wp-json\/wp\/v2\/media\/2019"}],"wp:attachment":[{"href":"https:\/\/teknikgrupotomotiv.com\/en\/wp-json\/wp\/v2\/media?parent=2018"}],"wp:term":[{"taxonomy":"product_brand","embeddable":true,"href":"https:\/\/teknikgrupotomotiv.com\/en\/wp-json\/wp\/v2\/product_brand?post=2018"},{"taxonomy":"product_cat","embeddable":true,"href":"https:\/\/teknikgrupotomotiv.com\/en\/wp-json\/wp\/v2\/product_cat?post=2018"},{"taxonomy":"product_tag","embeddable":true,"href":"https:\/\/teknikgrupotomotiv.com\/en\/wp-json\/wp\/v2\/product_tag?post=2018"}],"curies":[{"name":"wp","href":"https:\/\/api.w.org\/{rel}","templated":true}]}}