{"id":2011,"date":"2025-05-21T22:19:01","date_gmt":"2025-05-21T19:19:01","guid":{"rendered":"https:\/\/teknikgrupotomotiv.com\/?post_type=product&#038;p=2011"},"modified":"2025-05-21T22:21:49","modified_gmt":"2025-05-21T19:21:49","slug":"carlio-jaso-sg-cd-10w40-motorsiklet-yagi","status":"publish","type":"product","link":"https:\/\/teknikgrupotomotiv.com\/en\/urun\/carlio-jaso-sg-cd-10w40-motorsiklet-yagi\/","title":{"rendered":"Carlio JASO SG\/CD 10W40 Motorsiklet Ya\u011f\u0131"},"content":{"rendered":"<p><strong>Carlio JASO SG\/CD 10W40 Motorsiklet Ya\u011f\u0131<br \/>\n<\/strong><span class=\"jCAhz ChMk0b\"><span class=\"ryNqvb\">Carlio motosiklet motor ya\u011f\u0131, ham petrol\u00fcn kesme i\u015flemiyle rafine edilmesinden elde edilen saf baz ya\u011f kullan\u0131larak, ard\u0131ndan hidrojenasyon ve y\u00fcksek kaliteli katk\u0131 maddelerinin eklenmesiyle \u00fcretilir.<\/span><\/span> <span class=\"jCAhz ChMk0b\"><span class=\"ryNqvb\">\u0130ran&#8217;daki t\u00fcm mevsimlerde ve hava ko\u015fullar\u0131nda kullan\u0131m i\u00e7in tasarlanm\u0131\u015ft\u0131r. Bu \u00fcr\u00fcn JASO MA ve JASO MB, Japon Otomotiv Standartlar\u0131 \u00d6rg\u00fct\u00fc&#8217;n\u00fcn standart \u00f6zelliklerini kar\u015f\u0131lar ve g\u00fc\u00e7l\u00fc d\u00f6rt zamanl\u0131 motosikletler i\u00e7in oldu\u011fu gibi y\u00fcksek bir kalite seviyesine sahiptir.<\/span><\/span><\/p>\n","protected":false},"excerpt":{"rendered":"<p>Carlio JASO SG\/CD 10W40 Motorsiklet Ya\u011f\u0131 Carlio motosiklet motor ya\u011f\u0131, ham petrol\u00fcn kesme i\u015flemiyle rafine edilmesinden elde edilen saf baz<\/p>\n","protected":false},"featured_media":2012,"comment_status":"open","ping_status":"closed","template":"","meta":[],"product_brand":[314],"product_cat":[332],"product_tag":[335,315,333,334],"class_list":{"0":"post-2011","1":"product","2":"type-product","3":"status-publish","4":"has-post-thumbnail","6":"product_brand-carlio","7":"product_cat-motorsiklet-yaglari","8":"product_tag-10w40-motorsiklet-yagi","9":"product_tag-carlio","10":"product_tag-motorsiklet","11":"product_tag-motorsiklet-yagi","13":"first","14":"instock","15":"shipping-taxable","16":"product-type-simple"},"_links":{"self":[{"href":"https:\/\/teknikgrupotomotiv.com\/en\/wp-json\/wp\/v2\/product\/2011","targetHints":{"allow":["GET"]}}],"collection":[{"href":"https:\/\/teknikgrupotomotiv.com\/en\/wp-json\/wp\/v2\/product"}],"about":[{"href":"https:\/\/teknikgrupotomotiv.com\/en\/wp-json\/wp\/v2\/types\/product"}],"replies":[{"embeddable":true,"href":"https:\/\/teknikgrupotomotiv.com\/en\/wp-json\/wp\/v2\/comments?post=2011"}],"wp:featuredmedia":[{"embeddable":true,"href":"https:\/\/teknikgrupotomotiv.com\/en\/wp-json\/wp\/v2\/media\/2012"}],"wp:attachment":[{"href":"https:\/\/teknikgrupotomotiv.com\/en\/wp-json\/wp\/v2\/media?parent=2011"}],"wp:term":[{"taxonomy":"product_brand","embeddable":true,"href":"https:\/\/teknikgrupotomotiv.com\/en\/wp-json\/wp\/v2\/product_brand?post=2011"},{"taxonomy":"product_cat","embeddable":true,"href":"https:\/\/teknikgrupotomotiv.com\/en\/wp-json\/wp\/v2\/product_cat?post=2011"},{"taxonomy":"product_tag","embeddable":true,"href":"https:\/\/teknikgrupotomotiv.com\/en\/wp-json\/wp\/v2\/product_tag?post=2011"}],"curies":[{"name":"wp","href":"https:\/\/api.w.org\/{rel}","templated":true}]}}