{"id":2004,"date":"2025-05-21T21:55:48","date_gmt":"2025-05-21T18:55:48","guid":{"rendered":"https:\/\/teknikgrupotomotiv.com\/?post_type=product&#038;p=2004"},"modified":"2025-05-21T21:57:08","modified_gmt":"2025-05-21T18:57:08","slug":"carlio-lityum-gres-yagi","status":"publish","type":"product","link":"https:\/\/teknikgrupotomotiv.com\/en\/urun\/carlio-lityum-gres-yagi\/","title":{"rendered":"Carlio Lityum Gres Ya\u011f\u0131"},"content":{"rendered":"<p><strong>Carlio Lityum Gres Ya\u011f\u0131<br \/>\n<\/strong><span class=\"jCAhz ChMk0b\"><span class=\"ryNqvb\">Carlio lityum gresi, t\u00fcm end\u00fcstriler i\u00e7in tasarlanm\u0131\u015f \u00e7ok ama\u00e7l\u0131 bir ya\u011flay\u0131c\u0131d\u0131r.<\/span><\/span> <span class=\"jCAhz ChMk0b\"><span class=\"ryNqvb\">Mekanik stabilite, y\u00fcksek dayan\u0131kl\u0131l\u0131k ve suya kar\u015f\u0131 iyi diren\u00e7, bu gresin \u00f6zellikleri aras\u0131ndad\u0131r.<\/span><\/span> <span class=\"jCAhz ChMk0b\"><span class=\"ryNqvb\">Ek olarak, bu \u00fcr\u00fcn -20 ila +130 santigrat derece s\u0131cakl\u0131k aral\u0131\u011f\u0131nda \u00e7al\u0131\u015fabilir.<\/span><\/span> <span class=\"jCAhz ChMk0b\"><span class=\"ryNqvb\">Gres, kaliteli mineral ya\u011f ve lityum sabun kal\u0131nla\u015ft\u0131r\u0131c\u0131 ile form\u00fcle edilmi\u015ftir ve a\u015f\u0131nma \u00f6nleyici, korozyon \u00f6nleyici ve antioksidan katk\u0131 maddeleri i\u00e7erir. Lityum sabunu ve en iyi mineral ya\u011flara dayal\u0131 bu \u00fcr\u00fcn form\u00fcle edilmi\u015f ve \u00fcretilmi\u015ftir.<\/span><\/span> <span class=\"jCAhz ChMk0b\"><span class=\"ryNqvb\">Lityum stearat, bu \u00fcr\u00fcn i\u00e7in m\u00fckemmel mekanik stabilite ve \u00e7ok y\u00fcksek termal diren\u00e7 sa\u011flar.<\/span><\/span><\/p>\n","protected":false},"excerpt":{"rendered":"<p>Carlio Lityum Gres Ya\u011f\u0131 Carlio lityum gresi, t\u00fcm end\u00fcstriler i\u00e7in tasarlanm\u0131\u015f \u00e7ok ama\u00e7l\u0131 bir ya\u011flay\u0131c\u0131d\u0131r. Mekanik stabilite, y\u00fcksek dayan\u0131kl\u0131l\u0131k ve<\/p>\n","protected":false},"featured_media":0,"comment_status":"open","ping_status":"closed","template":"","meta":[],"product_brand":[],"product_cat":[304,310],"product_tag":[315,327,328,330],"class_list":{"0":"post-2004","1":"product","2":"type-product","3":"status-publish","5":"product_cat-endustriyel-yaglar","6":"product_cat-kalsiyum-gres-yaglari","7":"product_tag-carlio","8":"product_tag-gres","9":"product_tag-gres-yagi","10":"product_tag-lityum-gres-yagi","12":"first","13":"instock","14":"shipping-taxable","15":"product-type-simple"},"_links":{"self":[{"href":"https:\/\/teknikgrupotomotiv.com\/en\/wp-json\/wp\/v2\/product\/2004","targetHints":{"allow":["GET"]}}],"collection":[{"href":"https:\/\/teknikgrupotomotiv.com\/en\/wp-json\/wp\/v2\/product"}],"about":[{"href":"https:\/\/teknikgrupotomotiv.com\/en\/wp-json\/wp\/v2\/types\/product"}],"replies":[{"embeddable":true,"href":"https:\/\/teknikgrupotomotiv.com\/en\/wp-json\/wp\/v2\/comments?post=2004"}],"wp:attachment":[{"href":"https:\/\/teknikgrupotomotiv.com\/en\/wp-json\/wp\/v2\/media?parent=2004"}],"wp:term":[{"taxonomy":"product_brand","embeddable":true,"href":"https:\/\/teknikgrupotomotiv.com\/en\/wp-json\/wp\/v2\/product_brand?post=2004"},{"taxonomy":"product_cat","embeddable":true,"href":"https:\/\/teknikgrupotomotiv.com\/en\/wp-json\/wp\/v2\/product_cat?post=2004"},{"taxonomy":"product_tag","embeddable":true,"href":"https:\/\/teknikgrupotomotiv.com\/en\/wp-json\/wp\/v2\/product_tag?post=2004"}],"curies":[{"name":"wp","href":"https:\/\/api.w.org\/{rel}","templated":true}]}}