{"id":2003,"date":"2025-05-21T21:54:54","date_gmt":"2025-05-21T18:54:54","guid":{"rendered":"https:\/\/teknikgrupotomotiv.com\/?post_type=product&#038;p=2003"},"modified":"2025-05-21T22:00:37","modified_gmt":"2025-05-21T19:00:37","slug":"carlio-nlgi-iii-cok-amacli-kalsiyum-gres-yagi","status":"publish","type":"product","link":"https:\/\/teknikgrupotomotiv.com\/en\/urun\/carlio-nlgi-iii-cok-amacli-kalsiyum-gres-yagi\/","title":{"rendered":"Carlio NLGI III \u00c7ok ama\u00e7l\u0131 Kalsiyum Gres Ya\u011f\u0131"},"content":{"rendered":"<p><strong>Carlio NLGI III \u00c7ok Ama\u00e7l\u0131 Kalsiyum Gres Ya\u011f\u0131<br \/>\n<\/strong><span class=\"jCAhz ChMk0b\"><span class=\"ryNqvb\">Carlio kalsiyum bazl\u0131 gresler, y\u00fcksek kaliteli mineral ya\u011f, kalsiyum sabunu ve \u00f6zel katk\u0131 maddeleri ile form\u00fcle edilmi\u015ftir.<\/span><\/span><span class=\"jCAhz ChMk0b\"><span class=\"ryNqvb\">End\u00fcstriyel makinelerin yataklar\u0131nda, \u00fcniversal mafsallar\u0131nda, \u015fasilerinde ve direksiyon di\u015fli kutular\u0131nda kullan\u0131ma uygundurlar.<\/span><\/span><strong><br \/>\n<\/strong><\/p>\n","protected":false},"excerpt":{"rendered":"<p>Carlio NLGI III \u00c7ok Ama\u00e7l\u0131 Kalsiyum Gres Ya\u011f\u0131 Carlio kalsiyum bazl\u0131 gresler, y\u00fcksek kaliteli mineral ya\u011f, kalsiyum sabunu ve \u00f6zel<\/p>\n","protected":false},"featured_media":0,"comment_status":"open","ping_status":"closed","template":"","meta":[],"product_brand":[],"product_cat":[304,310],"product_tag":[315,327,328,329],"class_list":{"0":"post-2003","1":"product","2":"type-product","3":"status-publish","5":"product_cat-endustriyel-yaglar","6":"product_cat-kalsiyum-gres-yaglari","7":"product_tag-carlio","8":"product_tag-gres","9":"product_tag-gres-yagi","10":"product_tag-kalsiyum-gres-yagi","12":"first","13":"instock","14":"shipping-taxable","15":"product-type-simple"},"_links":{"self":[{"href":"https:\/\/teknikgrupotomotiv.com\/en\/wp-json\/wp\/v2\/product\/2003","targetHints":{"allow":["GET"]}}],"collection":[{"href":"https:\/\/teknikgrupotomotiv.com\/en\/wp-json\/wp\/v2\/product"}],"about":[{"href":"https:\/\/teknikgrupotomotiv.com\/en\/wp-json\/wp\/v2\/types\/product"}],"replies":[{"embeddable":true,"href":"https:\/\/teknikgrupotomotiv.com\/en\/wp-json\/wp\/v2\/comments?post=2003"}],"wp:attachment":[{"href":"https:\/\/teknikgrupotomotiv.com\/en\/wp-json\/wp\/v2\/media?parent=2003"}],"wp:term":[{"taxonomy":"product_brand","embeddable":true,"href":"https:\/\/teknikgrupotomotiv.com\/en\/wp-json\/wp\/v2\/product_brand?post=2003"},{"taxonomy":"product_cat","embeddable":true,"href":"https:\/\/teknikgrupotomotiv.com\/en\/wp-json\/wp\/v2\/product_cat?post=2003"},{"taxonomy":"product_tag","embeddable":true,"href":"https:\/\/teknikgrupotomotiv.com\/en\/wp-json\/wp\/v2\/product_tag?post=2003"}],"curies":[{"name":"wp","href":"https:\/\/api.w.org\/{rel}","templated":true}]}}