{"id":1995,"date":"2025-05-21T21:40:40","date_gmt":"2025-05-21T18:40:40","guid":{"rendered":"https:\/\/teknikgrupotomotiv.com\/?post_type=product&#038;p=1995"},"modified":"2025-05-21T21:42:05","modified_gmt":"2025-05-21T18:42:05","slug":"carlio-gl4-75w90-sanziman-yagi","status":"publish","type":"product","link":"https:\/\/teknikgrupotomotiv.com\/en\/urun\/carlio-gl4-75w90-sanziman-yagi\/","title":{"rendered":"Carlio GL4 75W90 \u015eanz\u0131man Ya\u011f\u0131"},"content":{"rendered":"<p><strong>Carlio GL4 75W90 \u015eanz\u0131man Ya\u011f\u0131<\/strong><br \/>\n<span class=\"jCAhz ChMk0b\"><span class=\"ryNqvb\">En iyi baz ya\u011flar\u0131 ve y\u00fcksek kaliteli katk\u0131 maddeleriyle form\u00fcle edilen Carlio Di\u015fli Ya\u011f\u0131, ara\u00e7lar\u0131n \u015fanz\u0131manlar\u0131ndaki (\u015fanz\u0131man, diferansiyel ve direksiyon kutusu) hareketli par\u00e7alar i\u00e7in bir ya\u011flay\u0131c\u0131 olarak tasarlanm\u0131\u015ft\u0131r.<\/span><\/span> <span class=\"jCAhz ChMk0b\"><span class=\"ryNqvb\">Bir di\u015fli ya\u011f\u0131n\u0131n temel performans \u00f6zelliklerinden biri, y\u00fck ta\u015f\u0131ma kapasitesi ve di\u015fli a\u015f\u0131nmas\u0131n\u0131 en aza indirmesidir; \u00fcr\u00fcnlerimizin \u00fcretiminde buna \u00f6zel \u00f6nem verdik.<\/span><\/span><span class=\"jCAhz ChMk0b\"><span class=\"ryNqvb\"> Bu \u00fcr\u00fcn, \u00e7e\u015fitli viskozite derecelerinde m\u00fckemmel y\u00fck ta\u015f\u0131ma kapasitesine sahiptir ve bu da onu, hem hafif hem de a\u011f\u0131r hizmet tipi, a\u00e7\u0131k ko\u015fullarda ve y\u00fcksek s\u0131cakl\u0131klarda \u00e7al\u0131\u015fan \u00e7ok \u00e7e\u015fitli benzinli ve dizel ara\u00e7lardaki manuel \u015fanz\u0131manlar\u0131n ya\u011flanmas\u0131 i\u00e7in uygun hale getirir.<\/span><\/span><\/p>\n","protected":false},"excerpt":{"rendered":"<p>Carlio GL4 75W90 \u015eanz\u0131man Ya\u011f\u0131 En iyi baz ya\u011flar\u0131 ve y\u00fcksek kaliteli katk\u0131 maddeleriyle form\u00fcle edilen Carlio Di\u015fli Ya\u011f\u0131, ara\u00e7lar\u0131n<\/p>\n","protected":false},"featured_media":1996,"comment_status":"closed","ping_status":"closed","template":"","meta":[],"product_brand":[314],"product_cat":[303,308],"product_tag":[315,326,325,324],"class_list":{"0":"post-1995","1":"product","2":"type-product","3":"status-publish","4":"has-post-thumbnail","6":"product_brand-carlio","7":"product_cat-carlio-madeni-yaglar","8":"product_cat-sanziman-vites-yaglari","9":"product_tag-carlio","10":"product_tag-difrensiyel-yagi","11":"product_tag-disli-yagi","12":"product_tag-sanziman-yagi","14":"first","15":"instock","16":"shipping-taxable","17":"product-type-simple"},"_links":{"self":[{"href":"https:\/\/teknikgrupotomotiv.com\/en\/wp-json\/wp\/v2\/product\/1995","targetHints":{"allow":["GET"]}}],"collection":[{"href":"https:\/\/teknikgrupotomotiv.com\/en\/wp-json\/wp\/v2\/product"}],"about":[{"href":"https:\/\/teknikgrupotomotiv.com\/en\/wp-json\/wp\/v2\/types\/product"}],"replies":[{"embeddable":true,"href":"https:\/\/teknikgrupotomotiv.com\/en\/wp-json\/wp\/v2\/comments?post=1995"}],"wp:featuredmedia":[{"embeddable":true,"href":"https:\/\/teknikgrupotomotiv.com\/en\/wp-json\/wp\/v2\/media\/1996"}],"wp:attachment":[{"href":"https:\/\/teknikgrupotomotiv.com\/en\/wp-json\/wp\/v2\/media?parent=1995"}],"wp:term":[{"taxonomy":"product_brand","embeddable":true,"href":"https:\/\/teknikgrupotomotiv.com\/en\/wp-json\/wp\/v2\/product_brand?post=1995"},{"taxonomy":"product_cat","embeddable":true,"href":"https:\/\/teknikgrupotomotiv.com\/en\/wp-json\/wp\/v2\/product_cat?post=1995"},{"taxonomy":"product_tag","embeddable":true,"href":"https:\/\/teknikgrupotomotiv.com\/en\/wp-json\/wp\/v2\/product_tag?post=1995"}],"curies":[{"name":"wp","href":"https:\/\/api.w.org\/{rel}","templated":true}]}}