{"id":1971,"date":"2025-05-21T20:54:25","date_gmt":"2025-05-21T17:54:25","guid":{"rendered":"https:\/\/teknikgrupotomotiv.com\/?post_type=product&#038;p=1971"},"modified":"2025-05-21T20:56:34","modified_gmt":"2025-05-21T17:56:34","slug":"carlio-sn-sae-5w30-benzinli-motor-yagi","status":"publish","type":"product","link":"https:\/\/teknikgrupotomotiv.com\/en\/urun\/carlio-sn-sae-5w30-benzinli-motor-yagi\/","title":{"rendered":"Carlio SN SAE 5W30 Benzinli Motor Ya\u011f\u0131"},"content":{"rendered":"<p><strong>Carlio SN SAE 5W30 Benzinli Motor Ya\u011f\u0131<\/strong><br \/>\n<span class=\"jCAhz ChMk0b\"><span class=\"ryNqvb\">Son derece geli\u015fmi\u015f form\u00fcl\u00fc ve \u00e7e\u015fitli s\u0131n\u0131flardaki en iyi baz ya\u011flar\u0131 ve katk\u0131 maddelerinin bir kombinasyonu olan Carlio 4 Mevsim Benzinli Motor Ya\u011f\u0131, klasikten moderne kadar \u00e7e\u015fitli benzinle \u00e7al\u0131\u015fan ara\u00e7lar i\u00e7in \u00fcretilmi\u015ftir.<\/span><\/span> <span class=\"jCAhz ChMk0b\"><span class=\"ryNqvb\">Ya\u011f\u0131n uzun \u00f6mr\u00fc ve motor bile\u015fenlerinin korunmas\u0131, y\u00fcksek kaliteli bir motor ya\u011f\u0131ndan bekledi\u011finiz \u015feydir.<\/span><\/span><span class=\"jCAhz ChMk0b\"><span class=\"ryNqvb\"><strong> Carlio SN5W30 Motor Ya\u011f\u0131<\/strong>, zorlu ko\u015fullarda arac\u0131n\u0131z\u0131n motoruna koruma sa\u011flayarak her t\u00fcrl\u00fc hava ko\u015fuluna uygundur.<\/span><\/span><\/p>\n","protected":false},"excerpt":{"rendered":"<p>fsdfsdfsdf<\/p>\n","protected":false},"featured_media":1972,"comment_status":"closed","ping_status":"closed","template":"","meta":[],"product_brand":[314],"product_cat":[305,303],"product_tag":[323,322,315,319],"class_list":{"0":"post-1971","1":"product","2":"type-product","3":"status-publish","4":"has-post-thumbnail","6":"product_brand-carlio","7":"product_cat-benzinli-motor-yaglari","8":"product_cat-carlio-madeni-yaglar","9":"product_tag-benzin","10":"product_tag-benzinli-motor-yagi","11":"product_tag-carlio","12":"product_tag-motor-yagi","14":"first","15":"instock","16":"shipping-taxable","17":"product-type-simple"},"_links":{"self":[{"href":"https:\/\/teknikgrupotomotiv.com\/en\/wp-json\/wp\/v2\/product\/1971","targetHints":{"allow":["GET"]}}],"collection":[{"href":"https:\/\/teknikgrupotomotiv.com\/en\/wp-json\/wp\/v2\/product"}],"about":[{"href":"https:\/\/teknikgrupotomotiv.com\/en\/wp-json\/wp\/v2\/types\/product"}],"replies":[{"embeddable":true,"href":"https:\/\/teknikgrupotomotiv.com\/en\/wp-json\/wp\/v2\/comments?post=1971"}],"wp:featuredmedia":[{"embeddable":true,"href":"https:\/\/teknikgrupotomotiv.com\/en\/wp-json\/wp\/v2\/media\/1972"}],"wp:attachment":[{"href":"https:\/\/teknikgrupotomotiv.com\/en\/wp-json\/wp\/v2\/media?parent=1971"}],"wp:term":[{"taxonomy":"product_brand","embeddable":true,"href":"https:\/\/teknikgrupotomotiv.com\/en\/wp-json\/wp\/v2\/product_brand?post=1971"},{"taxonomy":"product_cat","embeddable":true,"href":"https:\/\/teknikgrupotomotiv.com\/en\/wp-json\/wp\/v2\/product_cat?post=1971"},{"taxonomy":"product_tag","embeddable":true,"href":"https:\/\/teknikgrupotomotiv.com\/en\/wp-json\/wp\/v2\/product_tag?post=1971"}],"curies":[{"name":"wp","href":"https:\/\/api.w.org\/{rel}","templated":true}]}}