{"id":1968,"date":"2025-05-21T20:48:58","date_gmt":"2025-05-21T17:48:58","guid":{"rendered":"https:\/\/teknikgrupotomotiv.com\/?post_type=product&#038;p=1968"},"modified":"2025-05-21T20:52:22","modified_gmt":"2025-05-21T17:52:22","slug":"carlio-sn-sae-10w40-benzinli-motor-yagi","status":"publish","type":"product","link":"https:\/\/teknikgrupotomotiv.com\/en\/urun\/carlio-sn-sae-10w40-benzinli-motor-yagi\/","title":{"rendered":"Carlio SN SAE 10W40 Benzinli Motor Ya\u011f\u0131"},"content":{"rendered":"<p><strong>Carlio SN SAE 10W40 Benzinli Motor Ya\u011f\u0131<\/strong><br \/>\n2016-2022 y\u0131llar\u0131 aras\u0131nda \u00fcretilen ara\u00e7larda kullan\u0131lmak \u00fczere tasarlanm\u0131\u015f, SN10W40 gibi y\u00fcksek kalite seviyesine sahip ve SL normal ya\u011f\u0131na g\u00f6re daha geli\u015fmi\u015f bir form\u00fclasyona sahip \u00e7ok ama\u00e7l\u0131 bir motor ya\u011f\u0131d\u0131r. Bu ya\u011flar daha s\u0131cak iklimler i\u00e7in form\u00fcle edilmi\u015ftir.<\/p>\n","protected":false},"excerpt":{"rendered":"<p>fsdfsdfsdf<\/p>\n","protected":false},"featured_media":1969,"comment_status":"closed","ping_status":"closed","template":"","meta":[],"product_brand":[314],"product_cat":[305,303],"product_tag":[323,322,315,319],"class_list":{"0":"post-1968","1":"product","2":"type-product","3":"status-publish","4":"has-post-thumbnail","6":"product_brand-carlio","7":"product_cat-benzinli-motor-yaglari","8":"product_cat-carlio-madeni-yaglar","9":"product_tag-benzin","10":"product_tag-benzinli-motor-yagi","11":"product_tag-carlio","12":"product_tag-motor-yagi","14":"first","15":"instock","16":"shipping-taxable","17":"product-type-simple"},"_links":{"self":[{"href":"https:\/\/teknikgrupotomotiv.com\/en\/wp-json\/wp\/v2\/product\/1968","targetHints":{"allow":["GET"]}}],"collection":[{"href":"https:\/\/teknikgrupotomotiv.com\/en\/wp-json\/wp\/v2\/product"}],"about":[{"href":"https:\/\/teknikgrupotomotiv.com\/en\/wp-json\/wp\/v2\/types\/product"}],"replies":[{"embeddable":true,"href":"https:\/\/teknikgrupotomotiv.com\/en\/wp-json\/wp\/v2\/comments?post=1968"}],"wp:featuredmedia":[{"embeddable":true,"href":"https:\/\/teknikgrupotomotiv.com\/en\/wp-json\/wp\/v2\/media\/1969"}],"wp:attachment":[{"href":"https:\/\/teknikgrupotomotiv.com\/en\/wp-json\/wp\/v2\/media?parent=1968"}],"wp:term":[{"taxonomy":"product_brand","embeddable":true,"href":"https:\/\/teknikgrupotomotiv.com\/en\/wp-json\/wp\/v2\/product_brand?post=1968"},{"taxonomy":"product_cat","embeddable":true,"href":"https:\/\/teknikgrupotomotiv.com\/en\/wp-json\/wp\/v2\/product_cat?post=1968"},{"taxonomy":"product_tag","embeddable":true,"href":"https:\/\/teknikgrupotomotiv.com\/en\/wp-json\/wp\/v2\/product_tag?post=1968"}],"curies":[{"name":"wp","href":"https:\/\/api.w.org\/{rel}","templated":true}]}}