{"id":1966,"date":"2025-05-21T20:44:39","date_gmt":"2025-05-21T17:44:39","guid":{"rendered":"https:\/\/teknikgrupotomotiv.com\/?post_type=product&#038;p=1966"},"modified":"2025-05-21T20:46:35","modified_gmt":"2025-05-21T17:46:35","slug":"carlio-sm-sae-5w30-benzinli-motor-yagi","status":"publish","type":"product","link":"https:\/\/teknikgrupotomotiv.com\/en\/urun\/carlio-sm-sae-5w30-benzinli-motor-yagi\/","title":{"rendered":"Carlio SM SAE 5W30 Benzinli Motor Ya\u011f\u0131"},"content":{"rendered":"<p><strong>Carlio SM SAE 5W30 Benzinli Motor Ya\u011f\u0131<\/strong><br \/>\n<span class=\"jCAhz ChMk0b\"><span class=\"ryNqvb\">Carlio 4 Mevsim <strong>SM SAE 5W30 <\/strong>Benzinli Motor Ya\u011f\u0131, son derece geli\u015fmi\u015f form\u00fcl\u00fc ve \u00e7e\u015fitli derecelerdeki en iyi baz ya\u011flar\u0131 ve katk\u0131 maddelerinin bir kombinasyonu ile klasikten moderne kadar \u00e7e\u015fitli benzinle \u00e7al\u0131\u015fan ara\u00e7lar i\u00e7in \u00fcretilmi\u015ftir.<\/span><\/span> <span class=\"jCAhz ChMk0b\"><span class=\"ryNqvb\">Ya\u011f\u0131n uzun \u00f6mr\u00fc ve motor bile\u015fenlerinin korunmas\u0131, y\u00fcksek kaliteli bir motor ya\u011f\u0131ndan bekledi\u011finiz \u015feydir. Bunun fark\u0131nday\u0131z ve ona hak etti\u011fi \u00f6nemi veriyoruz.<\/span><\/span><\/p>\n","protected":false},"excerpt":{"rendered":"<p>fsdfsdfsdf<\/p>\n","protected":false},"featured_media":1967,"comment_status":"closed","ping_status":"closed","template":"","meta":[],"product_brand":[314],"product_cat":[305,303],"product_tag":[323,322,315,319],"class_list":{"0":"post-1966","1":"product","2":"type-product","3":"status-publish","4":"has-post-thumbnail","6":"product_brand-carlio","7":"product_cat-benzinli-motor-yaglari","8":"product_cat-carlio-madeni-yaglar","9":"product_tag-benzin","10":"product_tag-benzinli-motor-yagi","11":"product_tag-carlio","12":"product_tag-motor-yagi","14":"first","15":"instock","16":"shipping-taxable","17":"product-type-simple"},"_links":{"self":[{"href":"https:\/\/teknikgrupotomotiv.com\/en\/wp-json\/wp\/v2\/product\/1966","targetHints":{"allow":["GET"]}}],"collection":[{"href":"https:\/\/teknikgrupotomotiv.com\/en\/wp-json\/wp\/v2\/product"}],"about":[{"href":"https:\/\/teknikgrupotomotiv.com\/en\/wp-json\/wp\/v2\/types\/product"}],"replies":[{"embeddable":true,"href":"https:\/\/teknikgrupotomotiv.com\/en\/wp-json\/wp\/v2\/comments?post=1966"}],"wp:featuredmedia":[{"embeddable":true,"href":"https:\/\/teknikgrupotomotiv.com\/en\/wp-json\/wp\/v2\/media\/1967"}],"wp:attachment":[{"href":"https:\/\/teknikgrupotomotiv.com\/en\/wp-json\/wp\/v2\/media?parent=1966"}],"wp:term":[{"taxonomy":"product_brand","embeddable":true,"href":"https:\/\/teknikgrupotomotiv.com\/en\/wp-json\/wp\/v2\/product_brand?post=1966"},{"taxonomy":"product_cat","embeddable":true,"href":"https:\/\/teknikgrupotomotiv.com\/en\/wp-json\/wp\/v2\/product_cat?post=1966"},{"taxonomy":"product_tag","embeddable":true,"href":"https:\/\/teknikgrupotomotiv.com\/en\/wp-json\/wp\/v2\/product_tag?post=1966"}],"curies":[{"name":"wp","href":"https:\/\/api.w.org\/{rel}","templated":true}]}}