{"id":1962,"date":"2025-05-21T20:37:11","date_gmt":"2025-05-21T17:37:11","guid":{"rendered":"https:\/\/teknikgrupotomotiv.com\/?post_type=product&#038;p=1962"},"modified":"2025-05-21T20:38:11","modified_gmt":"2025-05-21T17:38:11","slug":"carlio-sl-sae-5w40-benzinli-motor-yagi","status":"publish","type":"product","link":"https:\/\/teknikgrupotomotiv.com\/en\/urun\/carlio-sl-sae-5w40-benzinli-motor-yagi\/","title":{"rendered":"Carlio SL SAE 5W40 Benzinli Motor Ya\u011f\u0131"},"content":{"rendered":"<p><strong>Carlio SL SAE 5W40 Benzinli Motor Ya\u011f\u0131<\/strong><br \/>\n<span class=\"jCAhz ChMk0b\"><span class=\"ryNqvb\">Bu \u00e7ok ama\u00e7l\u0131 motor ya\u011f\u0131 2012&#8217;den itibaren \u00fcretilen ara\u00e7lar i\u00e7in \u00f6nerilir.<\/span><\/span> <span class=\"jCAhz ChMk0b\"><span class=\"ryNqvb\">Bu \u00fcr\u00fcn\u00fcn daha s\u0131cak hava ko\u015fullar\u0131 i\u00e7in form\u00fcle edilip \u00fcretildi\u011fi dikkat \u00e7ekicidir.<\/span><\/span> <span class=\"jCAhz ChMk0b\"><span class=\"ryNqvb\">Zorlu kullan\u0131m ve sert \u00e7al\u0131\u015fma ko\u015fullar\u0131na sahip ara\u00e7lar i\u00e7in uygundur, standart kalite seviyelerine k\u0131yasla geli\u015fmi\u015f bir form\u00fcle sahiptir.<\/span><\/span><\/p>\n","protected":false},"excerpt":{"rendered":"<p>fsdfsdfsdf<\/p>\n","protected":false},"featured_media":1961,"comment_status":"closed","ping_status":"closed","template":"","meta":[],"product_brand":[314],"product_cat":[305,303],"product_tag":[323,322,315,319],"class_list":{"0":"post-1962","1":"product","2":"type-product","3":"status-publish","4":"has-post-thumbnail","6":"product_brand-carlio","7":"product_cat-benzinli-motor-yaglari","8":"product_cat-carlio-madeni-yaglar","9":"product_tag-benzin","10":"product_tag-benzinli-motor-yagi","11":"product_tag-carlio","12":"product_tag-motor-yagi","14":"first","15":"instock","16":"shipping-taxable","17":"product-type-simple"},"_links":{"self":[{"href":"https:\/\/teknikgrupotomotiv.com\/en\/wp-json\/wp\/v2\/product\/1962","targetHints":{"allow":["GET"]}}],"collection":[{"href":"https:\/\/teknikgrupotomotiv.com\/en\/wp-json\/wp\/v2\/product"}],"about":[{"href":"https:\/\/teknikgrupotomotiv.com\/en\/wp-json\/wp\/v2\/types\/product"}],"replies":[{"embeddable":true,"href":"https:\/\/teknikgrupotomotiv.com\/en\/wp-json\/wp\/v2\/comments?post=1962"}],"wp:featuredmedia":[{"embeddable":true,"href":"https:\/\/teknikgrupotomotiv.com\/en\/wp-json\/wp\/v2\/media\/1961"}],"wp:attachment":[{"href":"https:\/\/teknikgrupotomotiv.com\/en\/wp-json\/wp\/v2\/media?parent=1962"}],"wp:term":[{"taxonomy":"product_brand","embeddable":true,"href":"https:\/\/teknikgrupotomotiv.com\/en\/wp-json\/wp\/v2\/product_brand?post=1962"},{"taxonomy":"product_cat","embeddable":true,"href":"https:\/\/teknikgrupotomotiv.com\/en\/wp-json\/wp\/v2\/product_cat?post=1962"},{"taxonomy":"product_tag","embeddable":true,"href":"https:\/\/teknikgrupotomotiv.com\/en\/wp-json\/wp\/v2\/product_tag?post=1962"}],"curies":[{"name":"wp","href":"https:\/\/api.w.org\/{rel}","templated":true}]}}