{"id":1958,"date":"2025-05-21T20:31:40","date_gmt":"2025-05-21T17:31:40","guid":{"rendered":"https:\/\/teknikgrupotomotiv.com\/?post_type=product&#038;p=1958"},"modified":"2025-05-21T20:33:10","modified_gmt":"2025-05-21T17:33:10","slug":"carlio-sl-sae-15w40-benzinli-motor-yagi","status":"publish","type":"product","link":"https:\/\/teknikgrupotomotiv.com\/en\/urun\/carlio-sl-sae-15w40-benzinli-motor-yagi\/","title":{"rendered":"Carlio SL SAE 15W40 Benzinli Motor Ya\u011f\u0131"},"content":{"rendered":"<p><strong>Carlio SL SAE 15W40 Benzinli Motor Ya\u011f\u0131<\/strong><br \/>\n<span class=\"jCAhz ChMk0b\"><span class=\"ryNqvb\">\u00dclkenin hava ko\u015fullar\u0131nda iyi performans g\u00f6sterecek \u015fekilde tasarlanm\u0131\u015f, \u00e7e\u015fitli yerli \u00fcretim ara\u00e7lar i\u00e7in uygun motor ya\u011f\u0131.<\/span><\/span> <span class=\"jCAhz ChMk0b\"><span class=\"ryNqvb\">De\u011ferli t\u00fcketici ara\u00e7lar\u0131 i\u00e7in ilgili kurulu\u015flardan uluslararas\u0131 sertifikalar ve \u00e7e\u015fitli onaylar alm\u0131\u015ft\u0131r.<\/span><\/span> <span class=\"jCAhz\"><span class=\"ryNqvb\">Bu ya\u011f \u00f6zellikle daha so\u011fuk hava ko\u015fullar\u0131 i\u00e7in form\u00fcle edilmi\u015ftir.<\/span><\/span><\/p>\n","protected":false},"excerpt":{"rendered":"<p>fsdfsdfsdf<\/p>\n","protected":false},"featured_media":1959,"comment_status":"closed","ping_status":"closed","template":"","meta":[],"product_brand":[314],"product_cat":[305,303],"product_tag":[323,322,315,319],"class_list":{"0":"post-1958","1":"product","2":"type-product","3":"status-publish","4":"has-post-thumbnail","6":"product_brand-carlio","7":"product_cat-benzinli-motor-yaglari","8":"product_cat-carlio-madeni-yaglar","9":"product_tag-benzin","10":"product_tag-benzinli-motor-yagi","11":"product_tag-carlio","12":"product_tag-motor-yagi","14":"first","15":"instock","16":"shipping-taxable","17":"product-type-simple"},"_links":{"self":[{"href":"https:\/\/teknikgrupotomotiv.com\/en\/wp-json\/wp\/v2\/product\/1958","targetHints":{"allow":["GET"]}}],"collection":[{"href":"https:\/\/teknikgrupotomotiv.com\/en\/wp-json\/wp\/v2\/product"}],"about":[{"href":"https:\/\/teknikgrupotomotiv.com\/en\/wp-json\/wp\/v2\/types\/product"}],"replies":[{"embeddable":true,"href":"https:\/\/teknikgrupotomotiv.com\/en\/wp-json\/wp\/v2\/comments?post=1958"}],"wp:featuredmedia":[{"embeddable":true,"href":"https:\/\/teknikgrupotomotiv.com\/en\/wp-json\/wp\/v2\/media\/1959"}],"wp:attachment":[{"href":"https:\/\/teknikgrupotomotiv.com\/en\/wp-json\/wp\/v2\/media?parent=1958"}],"wp:term":[{"taxonomy":"product_brand","embeddable":true,"href":"https:\/\/teknikgrupotomotiv.com\/en\/wp-json\/wp\/v2\/product_brand?post=1958"},{"taxonomy":"product_cat","embeddable":true,"href":"https:\/\/teknikgrupotomotiv.com\/en\/wp-json\/wp\/v2\/product_cat?post=1958"},{"taxonomy":"product_tag","embeddable":true,"href":"https:\/\/teknikgrupotomotiv.com\/en\/wp-json\/wp\/v2\/product_tag?post=1958"}],"curies":[{"name":"wp","href":"https:\/\/api.w.org\/{rel}","templated":true}]}}