{"id":1954,"date":"2025-05-21T20:23:25","date_gmt":"2025-05-21T17:23:25","guid":{"rendered":"https:\/\/teknikgrupotomotiv.com\/?post_type=product&#038;p=1954"},"modified":"2025-05-21T20:26:22","modified_gmt":"2025-05-21T17:26:22","slug":"carlio-sm-sae-5w40-benzinli-motor-yagi","status":"publish","type":"product","link":"https:\/\/teknikgrupotomotiv.com\/en\/urun\/carlio-sm-sae-5w40-benzinli-motor-yagi\/","title":{"rendered":"Carlio SM SAE 5W40 Benzinli Motor Ya\u011f\u0131"},"content":{"rendered":"<p><strong>Carlio CI4 10W40 Dizel Motor Ya\u011f\u0131<\/strong><br \/>\n<span class=\"jCAhz ChMk0b\"><span class=\"ryNqvb\"><strong>Carlio CI4 10W40 Dizel Motor Ya\u011f\u0131<\/strong> yar\u0131 sentetiktir ve 2017&#8217;den itibaren modern ara\u00e7lar i\u00e7in form\u00fcle edilmi\u015ftir.<\/span><\/span> <span class=\"jCAhz ChMk0b\"><span class=\"ryNqvb\">Bu \u00fcr\u00fcn\u00fcn \u00f6zellikleri aras\u0131nda motor bile\u015feni korumas\u0131, a\u015f\u0131nmay\u0131 \u00f6nleme, tortulara kar\u015f\u0131 diren\u00e7 ve zorlu \u00e7al\u0131\u015fma ko\u015fullar\u0131nda garantili performans bulunur.<\/span><\/span> <span class=\"jCAhz ChMk0b\"><span class=\"ryNqvb\">Bu \u00fcr\u00fcnde kullan\u0131lan kaliteli katk\u0131 maddeleri t\u00fcketicilerin ara\u00e7 motorlar\u0131nda m\u00fckemmel performansa katk\u0131da bulunabilir. Ya\u011f\u0131n uzun \u00f6mr\u00fc ve motor bile\u015fenlerinin korunmas\u0131, y\u00fcksek kaliteli bir motor ya\u011f\u0131ndan beklenenlerdir.<\/span><\/span> <span class=\"jCAhz\"><span class=\"ryNqvb\">Bunun fark\u0131nday\u0131z ve hak etti\u011fi \u00f6nemi veriyoruz.<\/span><\/span><\/p>\n","protected":false},"excerpt":{"rendered":"<p>fsdfsdfsdf<\/p>\n","protected":false},"featured_media":1955,"comment_status":"closed","ping_status":"closed","template":"","meta":[],"product_brand":[314],"product_cat":[305,303],"product_tag":[323,322,315,319],"class_list":{"0":"post-1954","1":"product","2":"type-product","3":"status-publish","4":"has-post-thumbnail","6":"product_brand-carlio","7":"product_cat-benzinli-motor-yaglari","8":"product_cat-carlio-madeni-yaglar","9":"product_tag-benzin","10":"product_tag-benzinli-motor-yagi","11":"product_tag-carlio","12":"product_tag-motor-yagi","14":"first","15":"instock","16":"shipping-taxable","17":"product-type-simple"},"_links":{"self":[{"href":"https:\/\/teknikgrupotomotiv.com\/en\/wp-json\/wp\/v2\/product\/1954","targetHints":{"allow":["GET"]}}],"collection":[{"href":"https:\/\/teknikgrupotomotiv.com\/en\/wp-json\/wp\/v2\/product"}],"about":[{"href":"https:\/\/teknikgrupotomotiv.com\/en\/wp-json\/wp\/v2\/types\/product"}],"replies":[{"embeddable":true,"href":"https:\/\/teknikgrupotomotiv.com\/en\/wp-json\/wp\/v2\/comments?post=1954"}],"wp:featuredmedia":[{"embeddable":true,"href":"https:\/\/teknikgrupotomotiv.com\/en\/wp-json\/wp\/v2\/media\/1955"}],"wp:attachment":[{"href":"https:\/\/teknikgrupotomotiv.com\/en\/wp-json\/wp\/v2\/media?parent=1954"}],"wp:term":[{"taxonomy":"product_brand","embeddable":true,"href":"https:\/\/teknikgrupotomotiv.com\/en\/wp-json\/wp\/v2\/product_brand?post=1954"},{"taxonomy":"product_cat","embeddable":true,"href":"https:\/\/teknikgrupotomotiv.com\/en\/wp-json\/wp\/v2\/product_cat?post=1954"},{"taxonomy":"product_tag","embeddable":true,"href":"https:\/\/teknikgrupotomotiv.com\/en\/wp-json\/wp\/v2\/product_tag?post=1954"}],"curies":[{"name":"wp","href":"https:\/\/api.w.org\/{rel}","templated":true}]}}