{"id":1950,"date":"2025-05-21T16:02:35","date_gmt":"2025-05-21T13:02:35","guid":{"rendered":"https:\/\/teknikgrupotomotiv.com\/?post_type=product&#038;p=1950"},"modified":"2025-05-21T16:03:50","modified_gmt":"2025-05-21T13:03:50","slug":"carlio-ci4-15w40-dizel-motor-yagi-2","status":"publish","type":"product","link":"https:\/\/teknikgrupotomotiv.com\/en\/urun\/carlio-ci4-15w40-dizel-motor-yagi-2\/","title":{"rendered":"Carlio CI4 15W40 Dizel Motor Ya\u011f\u0131"},"content":{"rendered":"<p><strong>Carlio CI4 15W40 Dizel Motor Ya\u011f\u0131<\/strong><br \/>\nBu geli\u015fmi\u015f form\u00fcll\u00fc ya\u011f, 2002 ve sonras\u0131nda tasarlanm\u0131\u015f, emisyon kontrol sistemleriyle donat\u0131lm\u0131\u015f, zorlu \u00e7al\u0131\u015fma ko\u015fullar\u0131nda \u00e7al\u0131\u015fan y\u00fcksek h\u0131zl\u0131 d\u00f6rt zamanl\u0131 dizel ara\u00e7lar i\u00e7in \u00f6nerilir. Ayr\u0131ca, bu ya\u011f CD, CE, CF-4, CG-4 geleneksel ya\u011flar\u0131n\u0131n yerine kullan\u0131labilir. Zorlu \u00e7al\u0131\u015fma ko\u015fullar\u0131nda, bu \u00fcr\u00fcn m\u00fckemmel performans g\u00f6stererek \u00f6mr\u00fc boyunca istikrarl\u0131 ya\u011f bas\u0131nc\u0131 CCS sa\u011flar.<\/p>\n","protected":false},"excerpt":{"rendered":"<p>fsdfsdfsdf<\/p>\n","protected":false},"featured_media":1951,"comment_status":"closed","ping_status":"closed","template":"","meta":[],"product_brand":[314],"product_cat":[303,306],"product_tag":[315,316,317,318,319],"class_list":{"0":"post-1950","1":"product","2":"type-product","3":"status-publish","4":"has-post-thumbnail","6":"product_brand-carlio","7":"product_cat-carlio-madeni-yaglar","8":"product_cat-dizel-motor-yaglari","9":"product_tag-carlio","10":"product_tag-dizel","11":"product_tag-dizel-motor-yagi","12":"product_tag-dizel-motor-yaglari","13":"product_tag-motor-yagi","15":"first","16":"instock","17":"shipping-taxable","18":"product-type-simple"},"_links":{"self":[{"href":"https:\/\/teknikgrupotomotiv.com\/en\/wp-json\/wp\/v2\/product\/1950","targetHints":{"allow":["GET"]}}],"collection":[{"href":"https:\/\/teknikgrupotomotiv.com\/en\/wp-json\/wp\/v2\/product"}],"about":[{"href":"https:\/\/teknikgrupotomotiv.com\/en\/wp-json\/wp\/v2\/types\/product"}],"replies":[{"embeddable":true,"href":"https:\/\/teknikgrupotomotiv.com\/en\/wp-json\/wp\/v2\/comments?post=1950"}],"wp:featuredmedia":[{"embeddable":true,"href":"https:\/\/teknikgrupotomotiv.com\/en\/wp-json\/wp\/v2\/media\/1951"}],"wp:attachment":[{"href":"https:\/\/teknikgrupotomotiv.com\/en\/wp-json\/wp\/v2\/media?parent=1950"}],"wp:term":[{"taxonomy":"product_brand","embeddable":true,"href":"https:\/\/teknikgrupotomotiv.com\/en\/wp-json\/wp\/v2\/product_brand?post=1950"},{"taxonomy":"product_cat","embeddable":true,"href":"https:\/\/teknikgrupotomotiv.com\/en\/wp-json\/wp\/v2\/product_cat?post=1950"},{"taxonomy":"product_tag","embeddable":true,"href":"https:\/\/teknikgrupotomotiv.com\/en\/wp-json\/wp\/v2\/product_tag?post=1950"}],"curies":[{"name":"wp","href":"https:\/\/api.w.org\/{rel}","templated":true}]}}