{"id":1943,"date":"2025-05-21T15:50:35","date_gmt":"2025-05-21T12:50:35","guid":{"rendered":"https:\/\/teknikgrupotomotiv.com\/?post_type=product&#038;p=1943"},"modified":"2025-05-21T15:52:14","modified_gmt":"2025-05-21T12:52:14","slug":"carlio-ci4-15w40-dizel-motor-yagi","status":"publish","type":"product","link":"https:\/\/teknikgrupotomotiv.com\/en\/urun\/carlio-ci4-15w40-dizel-motor-yagi\/","title":{"rendered":"Carlio CI4+ 15W40 Dizel Motor Ya\u011f\u0131"},"content":{"rendered":"<p><strong>Carlio CI4+ 15W40 Dizel Motor Ya\u011f\u0131<\/strong><br \/>\n<span class=\"jCAhz ChMk0b\"><span class=\"ryNqvb\">Madencilik makineleri i\u00e7in \u00f6zel olarak tasarlanm\u0131\u015f Carlio dizel motor ya\u011f\u0131, \u00e7e\u015fitli s\u0131n\u0131flardaki en iyi baz ya\u011flar\u0131n ve katk\u0131 maddelerinin bir kar\u0131\u015f\u0131m\u0131 kullan\u0131larak \u00fcretilir.<\/span><\/span> <span class=\"jCAhz ChMk0b\"><span class=\"ryNqvb\">Yeni ve g\u00fcvenilir bir \u00e7\u00f6z\u00fcm olarak konumland\u0131r\u0131lan bu ya\u011f, \u00fcretim maliyetlerini d\u00fc\u015f\u00fcrmek ve madencilik ekipmanlar\u0131n\u0131n verimlili\u011fini art\u0131rmak i\u00e7in \u00f6nerilir. Bu geli\u015fmi\u015f motor ya\u011f\u0131 form\u00fcl\u00fc yaln\u0131zca d\u00fczg\u00fcn ya\u011flama sa\u011flamakla kalmaz, ayn\u0131 zamanda motora y\u00fcksek s\u0131cakl\u0131klara ve zorlu ve a\u011f\u0131r hizmet tipi i\u015flemlerden kaynaklanan hasarlara kar\u015f\u0131 diren\u00e7 sa\u011flar.<\/span><\/span> <span class=\"jCAhz ChMk0b\"><span class=\"ryNqvb\">Dahas\u0131, ola\u011fan\u00fcst\u00fc viskozite kararl\u0131l\u0131\u011f\u0131 sayesinde benzer ko\u015fullara maruz kald\u0131\u011f\u0131nda normal s\u0131n\u0131f\u0131n en az iki kat\u0131 olan bir kullan\u0131m \u00f6mr\u00fc sunar.<\/span><\/span><span class=\"jCAhz ChMk0b\"><span class=\"ryNqvb\"> Bu ya\u011f, madencilik end\u00fcstrisinde a\u015f\u0131r\u0131 y\u00fcksek bas\u0131n\u00e7 alt\u0131nda \u00e7al\u0131\u015fan makine ve ekipmanlar i\u00e7in \u00f6zel olarak tasarlanm\u0131\u015ft\u0131r.<\/span><\/span> <span class=\"jCAhz ChMk0b\"><span class=\"ryNqvb\">Normal ya\u011flara k\u0131yasla \u00f6nemli \u00f6l\u00e7\u00fcde daha fazla kararl\u0131l\u0131k sunarak daha uzun bir kullan\u0131m \u00f6mr\u00fc sa\u011flar.<\/span><\/span> <span class=\"jCAhz ChMk0b\"><span class=\"ryNqvb\">Motor hasar\u0131n\u0131 ve a\u015f\u0131nmas\u0131n\u0131 etkili bir \u015fekilde \u00f6nleyerek a\u011f\u0131r hizmet tipi madencilik i\u015flemleri i\u00e7in \u00e7ok uygundur.<\/span><\/span><\/p>\n","protected":false},"excerpt":{"rendered":"<p>fsdfsdfsdf<\/p>\n","protected":false},"featured_media":1944,"comment_status":"closed","ping_status":"closed","template":"","meta":[],"product_brand":[314],"product_cat":[303,306],"product_tag":[315,316,317,318,319],"class_list":{"0":"post-1943","1":"product","2":"type-product","3":"status-publish","4":"has-post-thumbnail","6":"product_brand-carlio","7":"product_cat-carlio-madeni-yaglar","8":"product_cat-dizel-motor-yaglari","9":"product_tag-carlio","10":"product_tag-dizel","11":"product_tag-dizel-motor-yagi","12":"product_tag-dizel-motor-yaglari","13":"product_tag-motor-yagi","15":"first","16":"instock","17":"shipping-taxable","18":"product-type-simple"},"_links":{"self":[{"href":"https:\/\/teknikgrupotomotiv.com\/en\/wp-json\/wp\/v2\/product\/1943","targetHints":{"allow":["GET"]}}],"collection":[{"href":"https:\/\/teknikgrupotomotiv.com\/en\/wp-json\/wp\/v2\/product"}],"about":[{"href":"https:\/\/teknikgrupotomotiv.com\/en\/wp-json\/wp\/v2\/types\/product"}],"replies":[{"embeddable":true,"href":"https:\/\/teknikgrupotomotiv.com\/en\/wp-json\/wp\/v2\/comments?post=1943"}],"wp:featuredmedia":[{"embeddable":true,"href":"https:\/\/teknikgrupotomotiv.com\/en\/wp-json\/wp\/v2\/media\/1944"}],"wp:attachment":[{"href":"https:\/\/teknikgrupotomotiv.com\/en\/wp-json\/wp\/v2\/media?parent=1943"}],"wp:term":[{"taxonomy":"product_brand","embeddable":true,"href":"https:\/\/teknikgrupotomotiv.com\/en\/wp-json\/wp\/v2\/product_brand?post=1943"},{"taxonomy":"product_cat","embeddable":true,"href":"https:\/\/teknikgrupotomotiv.com\/en\/wp-json\/wp\/v2\/product_cat?post=1943"},{"taxonomy":"product_tag","embeddable":true,"href":"https:\/\/teknikgrupotomotiv.com\/en\/wp-json\/wp\/v2\/product_tag?post=1943"}],"curies":[{"name":"wp","href":"https:\/\/api.w.org\/{rel}","templated":true}]}}