{"id":1937,"date":"2025-05-21T15:42:54","date_gmt":"2025-05-21T12:42:54","guid":{"rendered":"https:\/\/teknikgrupotomotiv.com\/?post_type=product&#038;p=1937"},"modified":"2025-05-21T15:44:30","modified_gmt":"2025-05-21T12:44:30","slug":"carlio-ch4-15w40-dizel-motor-yagi","status":"publish","type":"product","link":"https:\/\/teknikgrupotomotiv.com\/en\/urun\/carlio-ch4-15w40-dizel-motor-yagi\/","title":{"rendered":"Carlio CH4 15W40 Dizel Motor Ya\u011f\u0131"},"content":{"rendered":"<p><strong>Carlio CH4 15W40 Dizel Motor Ya\u011f\u0131<\/strong><br \/>\n<span class=\"jCAhz ChMk0b\"><span class=\"ryNqvb\">Geli\u015fmi\u015f form\u00fcl\u00fc ve y\u00fcksek kaliteli katk\u0131 maddeleriyle bu ya\u011f, dizel motorlar i\u00e7in m\u00fckemmel ya\u011flama sa\u011flamakla kalmaz, ayn\u0131 zamanda her motor bile\u015fenini korur.<\/span><\/span> <span class=\"jCAhz ChMk0b\"><span class=\"ryNqvb\">Y\u00fcksek h\u0131zlarda ve RPM&#8217;lerde \u00e7al\u0131\u015fan, 1998 model y\u0131l\u0131 ve daha yeni d\u00f6rt zamanl\u0131 dizel motorlarda kullan\u0131lmas\u0131 \u00f6nerilir.<\/span><\/span><\/p>\n","protected":false},"excerpt":{"rendered":"<p>fsdfsdfsdf<\/p>\n","protected":false},"featured_media":1938,"comment_status":"closed","ping_status":"closed","template":"","meta":[],"product_brand":[314],"product_cat":[303,306],"product_tag":[315,316,317,318,319],"class_list":{"0":"post-1937","1":"product","2":"type-product","3":"status-publish","4":"has-post-thumbnail","6":"product_brand-carlio","7":"product_cat-carlio-madeni-yaglar","8":"product_cat-dizel-motor-yaglari","9":"product_tag-carlio","10":"product_tag-dizel","11":"product_tag-dizel-motor-yagi","12":"product_tag-dizel-motor-yaglari","13":"product_tag-motor-yagi","15":"first","16":"instock","17":"shipping-taxable","18":"product-type-simple"},"_links":{"self":[{"href":"https:\/\/teknikgrupotomotiv.com\/en\/wp-json\/wp\/v2\/product\/1937","targetHints":{"allow":["GET"]}}],"collection":[{"href":"https:\/\/teknikgrupotomotiv.com\/en\/wp-json\/wp\/v2\/product"}],"about":[{"href":"https:\/\/teknikgrupotomotiv.com\/en\/wp-json\/wp\/v2\/types\/product"}],"replies":[{"embeddable":true,"href":"https:\/\/teknikgrupotomotiv.com\/en\/wp-json\/wp\/v2\/comments?post=1937"}],"wp:featuredmedia":[{"embeddable":true,"href":"https:\/\/teknikgrupotomotiv.com\/en\/wp-json\/wp\/v2\/media\/1938"}],"wp:attachment":[{"href":"https:\/\/teknikgrupotomotiv.com\/en\/wp-json\/wp\/v2\/media?parent=1937"}],"wp:term":[{"taxonomy":"product_brand","embeddable":true,"href":"https:\/\/teknikgrupotomotiv.com\/en\/wp-json\/wp\/v2\/product_brand?post=1937"},{"taxonomy":"product_cat","embeddable":true,"href":"https:\/\/teknikgrupotomotiv.com\/en\/wp-json\/wp\/v2\/product_cat?post=1937"},{"taxonomy":"product_tag","embeddable":true,"href":"https:\/\/teknikgrupotomotiv.com\/en\/wp-json\/wp\/v2\/product_tag?post=1937"}],"curies":[{"name":"wp","href":"https:\/\/api.w.org\/{rel}","templated":true}]}}