{"id":1929,"date":"2025-05-21T15:24:48","date_gmt":"2025-05-21T12:24:48","guid":{"rendered":"https:\/\/teknikgrupotomotiv.com\/?post_type=product&#038;p=1929"},"modified":"2025-05-21T15:26:10","modified_gmt":"2025-05-21T12:26:10","slug":"carlio-cf-20w50-dizel-motor-yagi","status":"publish","type":"product","link":"https:\/\/teknikgrupotomotiv.com\/en\/urun\/carlio-cf-20w50-dizel-motor-yagi\/","title":{"rendered":"Carlio CF 20W50 Dizel Motor Ya\u011f\u0131"},"content":{"rendered":"<p><strong>Carlio CF 20W50 Dizel Motor Ya\u011f\u0131<\/strong><br \/>\n<span class=\"jCAhz ChMk0b\"><span class=\"ryNqvb\">Carlio CF 20W50 dizel motor ya\u011flar\u0131, y\u00fcksek kaliteli saf baz ya\u011flar\u0131 ve katk\u0131 maddelerinin bir kombinasyonu kullan\u0131larak \u00e7e\u015fitli derecelerde \u00fcretilir.<\/span><\/span> <span class=\"jCAhz ChMk0b\"><span class=\"ryNqvb\">Hem hafif hem de a\u011f\u0131r hizmet tipi \u00e7ok \u00e7e\u015fitli dizel ara\u00e7lar i\u00e7in \u00f6nerilir.<\/span><\/span> <span class=\"jCAhz ChMk0b\"><span class=\"ryNqvb\">Geli\u015fmi\u015f form\u00fclasyon, yaln\u0131zca motorun d\u00fczg\u00fcn \u00e7al\u0131\u015fmas\u0131n\u0131 sa\u011flamakla kalmaz, ayn\u0131 zamanda motoru y\u00fcksek s\u0131cakl\u0131klara ve zorlu ve a\u011f\u0131r hizmet tipi i\u015flemlerden kaynaklanan hasarlara kar\u015f\u0131 korur.<\/span><\/span> <span class=\"jCAhz ChMk0b\"><span class=\"ryNqvb\">Bu da motorun \u00f6mr\u00fcn\u00fcn uzamas\u0131na katk\u0131da bulunur.<\/span><\/span><span class=\"jCAhz ChMk0b\"><span class=\"ryNqvb\"> Daha geli\u015fmi\u015f form\u00fclasyonu ve CD s\u0131n\u0131f\u0131 ya\u011fa k\u0131yasla daha g\u00fc\u00e7l\u00fc a\u015f\u0131nma \u00f6nleyici katk\u0131 maddeleri i\u00e7eren CF ya\u011f\u0131, dolayl\u0131 yak\u0131t enjeksiyonlu ve y\u00fcksek bas\u0131n\u00e7l\u0131 turbo \u015farj sistemli dizel motorlar i\u00e7in \u00f6nerilir.<\/span><\/span> <span class=\"jCAhz ChMk0b\"><span class=\"ryNqvb\">Y\u00fcksek bas\u0131n\u00e7 ko\u015fullar\u0131nda optimum performans sa\u011flar ve bu da onu CD s\u0131n\u0131f\u0131 ya\u011f i\u00e7in uygun bir yedek haline getirir.<\/span><\/span><span class=\"jCAhz ChMk0b\"><span class=\"ryNqvb\"> 40 ve 50 viskozite derecesine sahip CD ya\u011f\u0131, 1994&#8217;ten \u00f6nce \u00fcretilen turbo \u015farjl\u0131 veya turbo \u015farjs\u0131z \u00e7e\u015fitli a\u011f\u0131r hizmet tipi d\u00f6rt zamanl\u0131 dizel motorlar\u0131n ya\u011flanmas\u0131 i\u00e7in uygundur. Ayr\u0131ca \u00fcreticinin CD s\u0131n\u0131f\u0131 ya\u011f kullan\u0131lmas\u0131n\u0131 \u00f6nerdi\u011fi t\u00fcm ara\u00e7lar i\u00e7in \u00f6nerilir.<\/span><\/span><\/p>\n","protected":false},"excerpt":{"rendered":"<p>fsdfsdfsdf<\/p>\n","protected":false},"featured_media":1930,"comment_status":"closed","ping_status":"closed","template":"","meta":[],"product_brand":[314],"product_cat":[303,306],"product_tag":[321,320,315,316,317,318,319],"class_list":{"0":"post-1929","1":"product","2":"type-product","3":"status-publish","4":"has-post-thumbnail","6":"product_brand-carlio","7":"product_cat-carlio-madeni-yaglar","8":"product_cat-dizel-motor-yaglari","9":"product_tag-20w50","10":"product_tag-20w50-dizel-yag","11":"product_tag-carlio","12":"product_tag-dizel","13":"product_tag-dizel-motor-yagi","14":"product_tag-dizel-motor-yaglari","15":"product_tag-motor-yagi","17":"first","18":"instock","19":"shipping-taxable","20":"product-type-simple"},"_links":{"self":[{"href":"https:\/\/teknikgrupotomotiv.com\/en\/wp-json\/wp\/v2\/product\/1929","targetHints":{"allow":["GET"]}}],"collection":[{"href":"https:\/\/teknikgrupotomotiv.com\/en\/wp-json\/wp\/v2\/product"}],"about":[{"href":"https:\/\/teknikgrupotomotiv.com\/en\/wp-json\/wp\/v2\/types\/product"}],"replies":[{"embeddable":true,"href":"https:\/\/teknikgrupotomotiv.com\/en\/wp-json\/wp\/v2\/comments?post=1929"}],"wp:featuredmedia":[{"embeddable":true,"href":"https:\/\/teknikgrupotomotiv.com\/en\/wp-json\/wp\/v2\/media\/1930"}],"wp:attachment":[{"href":"https:\/\/teknikgrupotomotiv.com\/en\/wp-json\/wp\/v2\/media?parent=1929"}],"wp:term":[{"taxonomy":"product_brand","embeddable":true,"href":"https:\/\/teknikgrupotomotiv.com\/en\/wp-json\/wp\/v2\/product_brand?post=1929"},{"taxonomy":"product_cat","embeddable":true,"href":"https:\/\/teknikgrupotomotiv.com\/en\/wp-json\/wp\/v2\/product_cat?post=1929"},{"taxonomy":"product_tag","embeddable":true,"href":"https:\/\/teknikgrupotomotiv.com\/en\/wp-json\/wp\/v2\/product_tag?post=1929"}],"curies":[{"name":"wp","href":"https:\/\/api.w.org\/{rel}","templated":true}]}}